{"id":242,"date":"2024-05-31T14:58:27","date_gmt":"2024-05-31T12:58:27","guid":{"rendered":"http:\/\/lena-wiesler.de\/?page_id=242"},"modified":"2024-05-31T14:58:27","modified_gmt":"2024-05-31T12:58:27","slug":"podcasting","status":"publish","type":"page","link":"https:\/\/lena-wiesler.de\/?page_id=242","title":{"rendered":"Podcasting"},"content":{"rendered":"\n<div class=\"wp-block-columns is-layout-flex wp-container-core-columns-is-layout-1 wp-block-columns-is-layout-flex\">\n<div class=\"wp-block-column is-layout-flow wp-block-column-is-layout-flow\" style=\"flex-basis:66.66%\">\n<p>Seit 2020 hoste ich mit Katrin Berchner und Susanne Kundm\u00fcller den <a href=\"https:\/\/www.h-brs.de\/de\/bib\/podcast-bildungsfenster\">Podcast \u201eBildungsfenster\u201c<\/a> \u2013 ein Podcast der Hochschul- und Kreisbibliothek Bonn-Rhein-Sieg. Unsere Themen sind digitales Lehren und Lernen, aber auch literarische Ausfl\u00fcge in die Bibliothekswelt.<\/p>\n\n\n\n<p>H\u00f6rt gerne mal rein, zum Beispiel in meine Folge zum Thema \u201eChatGPT in der Hochschullehre\u201c auf <a href=\"https:\/\/open.spotify.com\/episode\/21zj981FBdKzLZYQwnDD0O?si=e3Ar10dPTXixX25tH2Q-ag\">Spotify <\/a>oder <a href=\"https:\/\/podcasts.apple.com\/de\/podcast\/folge-30-chatgpt-in-der-hochschullehre\/id1536102883?i=1000624746366\">Apple Podcasts<\/a>.<\/p>\n\n\n\n<p>F\u00fcr meine Masterarbeit mit dem Titel <strong>&#8222;Kritische Stimmen im Netz \u2013 Audio-Podcasting als feministische Praxis&#8220; <\/strong>habe ich 2019 Interviews mit sechs Podcasterinnen gef\u00fchrt. 2020 habe ich f\u00fcr das Journal kommunikation@gesellschaft einen Artikel dar\u00fcber geschrieben. Wer sich f\u00fcr die Themen Feminismus und Podcasting interessiert, findet den Artikel <a href=\"https:\/\/doi.org\/10.15460\/kommges.2020.21.2.625\">hier zum Nachlesen<\/a>.<\/p>\n\n\n\n<p>Im Mai 2019 war ich zu Gast im <em>Lila Podcast <\/em>(<a href=\"https:\/\/lila-podcast.de\/lila144-hermione-granger-die-frauen-neben-harry-potter\/\">hier zum Nachh\u00f6ren<\/a>). Barbara Streidl und ich haben uns \u00fcber Frauenrollen in Harry Potter unterhalten, aber auch generell \u00fcber die Rolle von B\u00fcchern f\u00fcr das Geschlechterbild von Kindern und Jugendlichen &#8211; ein Thema, das mich in dieser Zeit begleitet und besch\u00e4ftigt hat.<\/p>\n<\/div>\n\n\n\n<div class=\"wp-block-column is-layout-flow wp-block-column-is-layout-flow\" style=\"flex-basis:33.33%\">\n<figure class=\"wp-block-image size-full\"><img loading=\"lazy\" decoding=\"async\" width=\"662\" height=\"661\" src=\"http:\/\/lena-wiesler.de\/wp-content\/uploads\/2023\/11\/Bildungsfenster.jpg\" alt=\"\" class=\"wp-image-177\" srcset=\"https:\/\/lena-wiesler.de\/wp-content\/uploads\/2023\/11\/Bildungsfenster.jpg 662w, https:\/\/lena-wiesler.de\/wp-content\/uploads\/2023\/11\/Bildungsfenster-300x300.jpg 300w, https:\/\/lena-wiesler.de\/wp-content\/uploads\/2023\/11\/Bildungsfenster-150x150.jpg 150w, https:\/\/lena-wiesler.de\/wp-content\/uploads\/2023\/11\/Bildungsfenster-480x479.jpg 480w\" sizes=\"(max-width: 662px) 100vw, 662px\" \/><\/figure>\n<\/div>\n<\/div>\n\n\n\n<p><\/p>\n\n\n\n<p><\/p>\n","protected":false},"excerpt":{"rendered":"<p>Seit 2020 hoste ich mit Katrin Berchner und Susanne Kundm\u00fcller den Podcast \u201eBildungsfenster\u201c \u2013 ein Podcast der Hochschul- und Kreisbibliothek Bonn-Rhein-Sieg. Unsere Themen sind digitales Lehren und Lernen, aber auch literarische Ausfl\u00fcge in die Bibliothekswelt. H\u00f6rt gerne mal rein, zum Beispiel in meine Folge zum Thema \u201eChatGPT in der Hochschullehre\u201c auf Spotify oder Apple Podcasts.&hellip;&nbsp;<a href=\"https:\/\/lena-wiesler.de\/?page_id=242\" class=\"\" rel=\"bookmark\">Weiterlesen &raquo;<span class=\"screen-reader-text\">Podcasting<\/span><\/a><\/p>\n","protected":false},"author":1,"featured_media":0,"parent":0,"menu_order":0,"comment_status":"closed","ping_status":"closed","template":"","meta":{"neve_meta_sidebar":"","neve_meta_container":"","neve_meta_enable_content_width":"","neve_meta_content_width":0,"neve_meta_title_alignment":"","neve_meta_author_avatar":"","neve_post_elements_order":"","neve_meta_disable_header":"","neve_meta_disable_footer":"","neve_meta_disable_title":"","footnotes":""},"_links":{"self":[{"href":"https:\/\/lena-wiesler.de\/index.php?rest_route=\/wp\/v2\/pages\/242"}],"collection":[{"href":"https:\/\/lena-wiesler.de\/index.php?rest_route=\/wp\/v2\/pages"}],"about":[{"href":"https:\/\/lena-wiesler.de\/index.php?rest_route=\/wp\/v2\/types\/page"}],"author":[{"embeddable":true,"href":"https:\/\/lena-wiesler.de\/index.php?rest_route=\/wp\/v2\/users\/1"}],"replies":[{"embeddable":true,"href":"https:\/\/lena-wiesler.de\/index.php?rest_route=%2Fwp%2Fv2%2Fcomments&post=242"}],"version-history":[{"count":1,"href":"https:\/\/lena-wiesler.de\/index.php?rest_route=\/wp\/v2\/pages\/242\/revisions"}],"predecessor-version":[{"id":243,"href":"https:\/\/lena-wiesler.de\/index.php?rest_route=\/wp\/v2\/pages\/242\/revisions\/243"}],"wp:attachment":[{"href":"https:\/\/lena-wiesler.de\/index.php?rest_route=%2Fwp%2Fv2%2Fmedia&parent=242"}],"curies":[{"name":"wp","href":"https:\/\/api.w.org\/{rel}","templated":true}]}}